{"id":88,"date":"2023-06-08T19:31:36","date_gmt":"2023-06-08T19:31:36","guid":{"rendered":"http:\/\/rotermi.com.tr\/?page_id=88"},"modified":"2024-12-03T15:21:40","modified_gmt":"2024-12-03T15:21:40","slug":"urun-gruplari","status":"publish","type":"page","link":"https:\/\/rotermi.com.tr\/tr_tr\/urun-gruplari\/","title":{"rendered":"\u00dcr\u00fcn Gruplar\u0131"},"content":{"rendered":"\n<div class=\"wp-block-stackable-progress-bar stk-block-progress-bar stk-block stk-5c099aa\" data-block-id=\"5c099aa\"><style>.stk-5c099aa .stk-progress-bar{--progress-value:100% !important;--progress-color-1:#cf2e2e !important;--progress-size:5px !important;}<\/style><div class=\"stk-block-progress-bar__container\"><div class=\"stk-progress-bar stk--with-animation\" role=\"progressbar\" aria-valuemin=\"0\" aria-valuemax=\"100\" aria-valuenow=\"100\"><div class=\"stk-progress-bar__bar\"><span class=\"stk-progress-bar__inner-text stk-progress-bar__text\"><\/span><span class=\"stk-progress-bar__inner-text stk-progress-bar__progress-value-text\">100<\/span><\/div><\/div><\/div><\/div>\n\n\n\n<div class=\"wp-block-stackable-columns alignwide stk-block-columns stk-block stk-4971b89\" data-block-id=\"4971b89\"><div class=\"stk-row stk-inner-blocks stk-block-content stk-content-align stk-4971b89-column alignwide\">\n<div class=\"wp-block-stackable-column stk-block-column stk-column stk-block stk-eaed654\" data-v=\"4\" data-block-id=\"eaed654\"><div class=\"stk-column-wrapper stk-block-column__content stk-container stk-eaed654-container stk--no-background stk--no-padding\"><div class=\"stk-block-content stk-inner-blocks stk-eaed654-inner-blocks\">\n<div class=\"wp-block-stackable-columns stk-block-columns stk-block stk-2c755ac\" data-block-id=\"2c755ac\"><style>.stk-2c755ac-column{--stk-column-gap:32px !important;}<\/style><div class=\"stk-row stk-inner-blocks stk-block-content stk-content-align stk-2c755ac-column\">\n<div class=\"wp-block-stackable-column stk-block-column stk-column stk-block stk-775dd95\" data-v=\"4\" data-block-id=\"775dd95\"><div class=\"stk-column-wrapper stk-block-column__content stk-container stk-775dd95-container stk--no-background stk--no-padding\"><div class=\"stk-block-content stk-inner-blocks stk-775dd95-inner-blocks\">\n<div class=\"wp-block-stackable-image stk-block-image has-text-align-left stk-block stk-119c80e\" data-block-id=\"119c80e\"><style>.stk-119c80e .stk-img-wrapper{aspect-ratio:4\/3 !important;width:500px !important;height:auto !important;}@media screen and (max-width: 1023px){.stk-119c80e .stk-img-wrapper{height:auto !important;}}@media screen and (max-width: 767px){.stk-119c80e .stk-img-wrapper{width:100% !important;height:auto !important;}}<\/style><figure><span class=\"stk-img-wrapper stk-image--shape-stretch\"><img loading=\"lazy\" decoding=\"async\" class=\"stk-img wp-image-849\" src=\"http:\/\/rotermi.com.tr\/wp-content\/uploads\/2024\/11\/Urun-Gruplari-1-Brulorler-scaled.jpeg\" width=\"2560\" height=\"1706\" srcset=\"https:\/\/rotermi.com.tr\/wp-content\/uploads\/2024\/11\/Urun-Gruplari-1-Brulorler-scaled.jpeg 2560w, https:\/\/rotermi.com.tr\/wp-content\/uploads\/2024\/11\/Urun-Gruplari-1-Brulorler-300x200.jpeg 300w, https:\/\/rotermi.com.tr\/wp-content\/uploads\/2024\/11\/Urun-Gruplari-1-Brulorler-1024x683.jpeg 1024w, https:\/\/rotermi.com.tr\/wp-content\/uploads\/2024\/11\/Urun-Gruplari-1-Brulorler-768x512.jpeg 768w, https:\/\/rotermi.com.tr\/wp-content\/uploads\/2024\/11\/Urun-Gruplari-1-Brulorler-1536x1024.jpeg 1536w, https:\/\/rotermi.com.tr\/wp-content\/uploads\/2024\/11\/Urun-Gruplari-1-Brulorler-2048x1365.jpeg 2048w\" sizes=\"auto, (max-width: 2560px) 100vw, 2560px\" \/><\/span><\/figure><\/div>\n\n\n\n<div class=\"wp-block-stackable-heading stk-block-heading stk-block-heading--v2 stk-block stk-867530a <style type=&quot;text\/css&quot;&gt; a.ornek-link {  font-weight: bold; color: black; font-style: oblique; font-family: Arial, Helvetica, sans-serif; text-decoration: none; vertical-align: baseline; } a.ornek-link:hover maroon; <\/style&gt;\" id=\"a-href-https-rotermi-com-tr-urun-c-brulorler-target-blank-rel-noopener-title-span-style-color-000000-class-stk-highlight-brulorler-span-a\" data-block-id=\"867530a\"><h3 class=\"stk-block-heading__text\"><a href=\"https:\/\/rotermi.com.tr\/urun_c\/brulorler\/\" target=\"_blank\" rel=\"noopener\" title=\"\"><span style=\"color: #000000;\" class=\"stk-highlight\">Br\u00fcl\u00f6rler<\/span><\/a><\/h3><\/div>\n\n\n\n<div class=\"wp-block-stackable-icon-list stk-block-icon-list stk-block stk-0381303\" data-block-id=\"0381303\"><svg style=\"display:none\"><defs><g id=\"stk-icon-list__icon-svg-def-0381303\"><svg xmlns=\"http:\/\/www.w3.org\/2000\/svg\" viewBox=\"0 0 190 190\"><polygon points=\"173.8,28.4 60.4,141.8 15.7,97.2 5.1,107.8 60.4,163 184.4,39 173.8,28.4\"\/><\/svg><\/g><\/defs><\/svg><ul class=\"stk-block-icon-list__ul stk-block-icon-list--column\"><\/ul><\/div>\n<\/div><\/div><\/div>\n\n\n\n<div class=\"wp-block-stackable-column stk-block-column stk-column stk-block stk-157ce1e\" data-v=\"4\" data-block-id=\"157ce1e\"><div class=\"stk-column-wrapper stk-block-column__content stk-container stk-157ce1e-container stk--no-background stk--no-padding\"><div class=\"stk-block-content stk-inner-blocks stk-157ce1e-inner-blocks\">\n<div class=\"wp-block-stackable-image stk-block-image has-text-align-left stk-block stk-a9fdcf1\" data-block-id=\"a9fdcf1\"><style>.stk-a9fdcf1 .stk-img-wrapper{aspect-ratio:4\/3 !important;width:500px !important;height:auto !important;}.stk-a9fdcf1 .stk-img-wrapper img{object-fit:contain !important;}@media screen and (max-width: 1023px){.stk-a9fdcf1 .stk-img-wrapper{height:auto !important;}}@media screen and (max-width: 767px){.stk-a9fdcf1 .stk-img-wrapper{width:100% !important;height:auto !important;}}<\/style><figure><span class=\"stk-img-wrapper stk-image--shape-stretch\"><img loading=\"lazy\" decoding=\"async\" class=\"stk-img wp-image-850\" src=\"http:\/\/rotermi.com.tr\/wp-content\/uploads\/2024\/11\/Urun-Gruplari-2-Kazan-ve-Ekipmanlari-scaled.jpeg\" width=\"2560\" height=\"1709\" srcset=\"https:\/\/rotermi.com.tr\/wp-content\/uploads\/2024\/11\/Urun-Gruplari-2-Kazan-ve-Ekipmanlari-scaled.jpeg 2560w, https:\/\/rotermi.com.tr\/wp-content\/uploads\/2024\/11\/Urun-Gruplari-2-Kazan-ve-Ekipmanlari-300x200.jpeg 300w, https:\/\/rotermi.com.tr\/wp-content\/uploads\/2024\/11\/Urun-Gruplari-2-Kazan-ve-Ekipmanlari-1024x683.jpeg 1024w, https:\/\/rotermi.com.tr\/wp-content\/uploads\/2024\/11\/Urun-Gruplari-2-Kazan-ve-Ekipmanlari-768x513.jpeg 768w, https:\/\/rotermi.com.tr\/wp-content\/uploads\/2024\/11\/Urun-Gruplari-2-Kazan-ve-Ekipmanlari-1536x1025.jpeg 1536w, https:\/\/rotermi.com.tr\/wp-content\/uploads\/2024\/11\/Urun-Gruplari-2-Kazan-ve-Ekipmanlari-2048x1367.jpeg 2048w\" sizes=\"auto, (max-width: 2560px) 100vw, 2560px\" \/><\/span><\/figure><\/div>\n\n\n\n<div class=\"wp-block-stackable-heading stk-block-heading stk-block-heading--v2 stk-block stk-f989181\" id=\"a-href-https-rotermi-com-tr-urun-c-kazan-ve-ekipmanlari-target-blank-rel-noopener-title-span-style-color-000000-class-stk-highlight-kazan-ve-ekipmanlari-span-a\" data-block-id=\"f989181\"><style>.stk-f989181 {overflow:hidden !important;clear:none !important;}.stk-f989181 .stk-block-heading__text{text-shadow:none !important;text-transform:none !important;}<\/style><h3 class=\"stk-block-heading__text\"><a href=\"https:\/\/rotermi.com.tr\/urun_c\/kazan-ve-ekipmanlari\/\" target=\"_blank\" rel=\"noopener\" title=\"\"><span style=\"color: #000000;\" class=\"stk-highlight\">Kazan ve Ekipmanlar\u0131<\/span><\/a><\/h3><\/div>\n<\/div><\/div><\/div>\n<\/div><\/div>\n\n\n\n<div class=\"wp-block-stackable-columns stk-block-columns stk-block stk-5ca328e\" data-block-id=\"5ca328e\"><style>.stk-5ca328e-column{--stk-column-gap:32px !important;}<\/style><div class=\"stk-row stk-inner-blocks stk-block-content stk-content-align stk-5ca328e-column\">\n<div class=\"wp-block-stackable-column stk-block-column stk-column stk-block stk-72ef2c1\" data-v=\"4\" data-block-id=\"72ef2c1\"><div class=\"stk-column-wrapper stk-block-column__content stk-container stk-72ef2c1-container stk--no-background stk--no-padding\"><div class=\"stk-block-content stk-inner-blocks stk-72ef2c1-inner-blocks\">\n<div class=\"wp-block-stackable-image stk-block-image has-text-align-left stk-block stk-e72893a\" data-block-id=\"e72893a\"><style>.stk-e72893a .stk-img-wrapper{aspect-ratio:4\/3 !important;width:500px !important;height:auto !important;}@media screen and (max-width: 1023px){.stk-e72893a .stk-img-wrapper{height:auto !important;}}@media screen and (max-width: 767px){.stk-e72893a .stk-img-wrapper{width:100% !important;height:auto !important;}}<\/style><figure><span class=\"stk-img-wrapper stk-image--shape-stretch\"><img loading=\"lazy\" decoding=\"async\" class=\"stk-img wp-image-851\" src=\"http:\/\/rotermi.com.tr\/wp-content\/uploads\/2024\/11\/Urun-Gruplari-3-Sicak-Hava-Jeneratoru.jpg\" width=\"1600\" height=\"761\" srcset=\"https:\/\/rotermi.com.tr\/wp-content\/uploads\/2024\/11\/Urun-Gruplari-3-Sicak-Hava-Jeneratoru.jpg 1600w, https:\/\/rotermi.com.tr\/wp-content\/uploads\/2024\/11\/Urun-Gruplari-3-Sicak-Hava-Jeneratoru-300x143.jpg 300w, https:\/\/rotermi.com.tr\/wp-content\/uploads\/2024\/11\/Urun-Gruplari-3-Sicak-Hava-Jeneratoru-1024x487.jpg 1024w, https:\/\/rotermi.com.tr\/wp-content\/uploads\/2024\/11\/Urun-Gruplari-3-Sicak-Hava-Jeneratoru-768x365.jpg 768w, https:\/\/rotermi.com.tr\/wp-content\/uploads\/2024\/11\/Urun-Gruplari-3-Sicak-Hava-Jeneratoru-1536x731.jpg 1536w\" sizes=\"auto, (max-width: 1600px) 100vw, 1600px\" \/><\/span><\/figure><\/div>\n\n\n\n<div class=\"wp-block-stackable-heading stk-block-heading stk-block-heading--v2 stk-block stk-701490a\" id=\"strong-a-href-https-rotermi-com-tr-urun-c-sicak-hava-jeneratoru-ocagi-target-blank-rel-noopener-title-span-style-color-000000-class-stk-highlight-sicak-hava-jeneratoru-sten-ocagi-span-a-strong\" data-block-id=\"701490a\"><h3 class=\"stk-block-heading__text\"><strong><a href=\"https:\/\/rotermi.com.tr\/urun_c\/sicak-hava-jeneratoru-ocagi\/\" target=\"_blank\" rel=\"noopener\" title=\"\"><span style=\"color: #000000;\" class=\"stk-highlight\">S\u0131cak Hava Jenerat\u00f6r\u00fc \/ Sten Oca\u011f\u0131<\/span><\/a><\/strong><\/h3><\/div>\n\n\n\n<div class=\"wp-block-stackable-icon-list stk-block-icon-list stk-block stk-6cfdae8\" data-block-id=\"6cfdae8\"><svg style=\"display:none\"><defs><g id=\"stk-icon-list__icon-svg-def-6cfdae8\"><svg xmlns=\"http:\/\/www.w3.org\/2000\/svg\" viewBox=\"0 0 190 190\"><polygon points=\"173.8,28.4 60.4,141.8 15.7,97.2 5.1,107.8 60.4,163 184.4,39 173.8,28.4\"\/><\/svg><\/g><\/defs><\/svg><ul class=\"stk-block-icon-list__ul stk-block-icon-list--column\"><\/ul><\/div>\n<\/div><\/div><\/div>\n\n\n\n<div class=\"wp-block-stackable-column stk-block-column stk-column stk-block stk-ab6fa76\" data-v=\"4\" data-block-id=\"ab6fa76\"><div class=\"stk-column-wrapper stk-block-column__content stk-container stk-ab6fa76-container stk--no-background stk--no-padding\"><div class=\"stk-block-content stk-inner-blocks stk-ab6fa76-inner-blocks\">\n<div class=\"wp-block-stackable-image stk-block-image has-text-align-left stk-block stk-c1e8b9a\" data-block-id=\"c1e8b9a\"><style>.stk-c1e8b9a .stk-img-wrapper{aspect-ratio:4\/3 !important;width:500px !important;height:auto !important;}@media screen and (max-width: 1023px){.stk-c1e8b9a .stk-img-wrapper{height:auto !important;}}@media screen and (max-width: 767px){.stk-c1e8b9a .stk-img-wrapper{width:100% !important;height:auto !important;}}<\/style><figure><span class=\"stk-img-wrapper stk-image--shape-stretch\"><img loading=\"lazy\" decoding=\"async\" class=\"stk-img wp-image-854\" src=\"http:\/\/rotermi.com.tr\/wp-content\/uploads\/2024\/11\/Urun-Gruplari-4-Depolama-Tanklari-scaled.jpeg\" width=\"2560\" height=\"1438\" srcset=\"https:\/\/rotermi.com.tr\/wp-content\/uploads\/2024\/11\/Urun-Gruplari-4-Depolama-Tanklari-scaled.jpeg 2560w, https:\/\/rotermi.com.tr\/wp-content\/uploads\/2024\/11\/Urun-Gruplari-4-Depolama-Tanklari-300x168.jpeg 300w, https:\/\/rotermi.com.tr\/wp-content\/uploads\/2024\/11\/Urun-Gruplari-4-Depolama-Tanklari-1024x575.jpeg 1024w, https:\/\/rotermi.com.tr\/wp-content\/uploads\/2024\/11\/Urun-Gruplari-4-Depolama-Tanklari-768x431.jpeg 768w, https:\/\/rotermi.com.tr\/wp-content\/uploads\/2024\/11\/Urun-Gruplari-4-Depolama-Tanklari-1536x863.jpeg 1536w, https:\/\/rotermi.com.tr\/wp-content\/uploads\/2024\/11\/Urun-Gruplari-4-Depolama-Tanklari-2048x1150.jpeg 2048w\" sizes=\"auto, (max-width: 2560px) 100vw, 2560px\" \/><\/span><\/figure><\/div>\n\n\n\n<div class=\"wp-block-stackable-heading stk-block-heading stk-block-heading--v2 stk-block stk-e4e94a6\" id=\"a-href-https-rotermi-com-tr-urun-c-depolama-tanklari-target-blank-rel-noopener-title-span-style-color-000000-class-stk-highlight-depolama-tanklari-span-a\" data-block-id=\"e4e94a6\"><h3 class=\"stk-block-heading__text\"><a href=\"https:\/\/rotermi.com.tr\/urun_c\/depolama-tanklari\/\" target=\"_blank\" rel=\"noopener\" title=\"\"><span style=\"color: #000000;\" class=\"stk-highlight\">Depolama Tanklar\u0131<\/span><\/a><\/h3><\/div>\n\n\n\n<div class=\"wp-block-stackable-icon-list stk-block-icon-list stk-block stk-d32e269\" data-block-id=\"d32e269\"><svg style=\"display:none\"><defs><g id=\"stk-icon-list__icon-svg-def-d32e269\"><svg xmlns=\"http:\/\/www.w3.org\/2000\/svg\" viewBox=\"0 0 190 190\"><polygon points=\"173.8,28.4 60.4,141.8 15.7,97.2 5.1,107.8 60.4,163 184.4,39 173.8,28.4\"\/><\/svg><\/g><\/defs><\/svg><ul class=\"stk-block-icon-list__ul stk-block-icon-list--column\"><\/ul><\/div>\n<\/div><\/div><\/div>\n<\/div><\/div>\n<\/div><\/div><\/div>\n<\/div><\/div>\n\n\n\n<div class=\"wp-block-stackable-columns alignwide stk-block-columns stk-block stk-b34d6fb\" data-block-id=\"b34d6fb\"><div class=\"stk-row stk-inner-blocks stk-block-content stk-content-align stk-b34d6fb-column alignwide\">\n<div class=\"wp-block-stackable-column stk-block-column stk-column stk-block stk-8234e9e\" data-v=\"4\" data-block-id=\"8234e9e\"><div class=\"stk-column-wrapper stk-block-column__content stk-container stk-8234e9e-container stk--no-background stk--no-padding\"><div class=\"stk-block-content stk-inner-blocks stk-8234e9e-inner-blocks\">\n<div class=\"wp-block-stackable-columns stk-block-columns stk-block stk-64fcb57\" data-block-id=\"64fcb57\"><style>.stk-64fcb57-column{--stk-column-gap:32px !important;}<\/style><div class=\"stk-row stk-inner-blocks stk-block-content stk-content-align stk-64fcb57-column\">\n<div class=\"wp-block-stackable-column stk-block-column stk-column stk-block stk-31bdba2\" data-v=\"4\" data-block-id=\"31bdba2\"><div class=\"stk-column-wrapper stk-block-column__content stk-container stk-31bdba2-container stk--no-background stk--no-padding\"><div class=\"stk-block-content stk-inner-blocks stk-31bdba2-inner-blocks\">\n<div class=\"wp-block-stackable-image stk-block-image has-text-align-left stk-block stk-ae248ba\" data-block-id=\"ae248ba\"><style>.stk-ae248ba .stk-img-wrapper{aspect-ratio:4\/3 !important;width:500px !important;height:auto !important;}@media screen and (max-width: 1023px){.stk-ae248ba .stk-img-wrapper{height:auto !important;}}@media screen and (max-width: 767px){.stk-ae248ba .stk-img-wrapper{width:100% !important;height:auto !important;}}<\/style><figure><span class=\"stk-img-wrapper stk-image--shape-stretch\"><img loading=\"lazy\" decoding=\"async\" class=\"stk-img wp-image-855\" src=\"http:\/\/rotermi.com.tr\/wp-content\/uploads\/2024\/11\/Urun-Gruplari-5-Isi-Degistiriciler-scaled.jpeg\" width=\"2560\" height=\"1707\" srcset=\"https:\/\/rotermi.com.tr\/wp-content\/uploads\/2024\/11\/Urun-Gruplari-5-Isi-Degistiriciler-scaled.jpeg 2560w, https:\/\/rotermi.com.tr\/wp-content\/uploads\/2024\/11\/Urun-Gruplari-5-Isi-Degistiriciler-300x200.jpeg 300w, https:\/\/rotermi.com.tr\/wp-content\/uploads\/2024\/11\/Urun-Gruplari-5-Isi-Degistiriciler-1024x683.jpeg 1024w, https:\/\/rotermi.com.tr\/wp-content\/uploads\/2024\/11\/Urun-Gruplari-5-Isi-Degistiriciler-768x512.jpeg 768w, https:\/\/rotermi.com.tr\/wp-content\/uploads\/2024\/11\/Urun-Gruplari-5-Isi-Degistiriciler-1536x1024.jpeg 1536w, https:\/\/rotermi.com.tr\/wp-content\/uploads\/2024\/11\/Urun-Gruplari-5-Isi-Degistiriciler-2048x1366.jpeg 2048w\" sizes=\"auto, (max-width: 2560px) 100vw, 2560px\" \/><\/span><\/figure><\/div>\n\n\n\n<div class=\"wp-block-stackable-heading stk-block-heading stk-block-heading--v2 stk-block stk-1587019\" id=\"strong-a-href-https-rotermi-com-tr-urun-c-isi-degistiriciler-target-blank-rel-noopener-title-span-style-color-000000-class-stk-highlight-isi-degistiriciler-span-a-strong\" data-block-id=\"1587019\"><h3 class=\"stk-block-heading__text\"><strong><a href=\"https:\/\/rotermi.com.tr\/urun_c\/isi-degistiriciler\/\" target=\"_blank\" rel=\"noopener\" title=\"\"><span style=\"color: #000000;\" class=\"stk-highlight\">Is\u0131 De\u011fi\u015ftiriciler<\/span><\/a><\/strong><\/h3><\/div>\n<\/div><\/div><\/div>\n\n\n\n<div class=\"wp-block-stackable-column stk-block-column stk-column stk-block stk-848abfa\" data-v=\"4\" data-block-id=\"848abfa\"><div class=\"stk-column-wrapper stk-block-column__content stk-container stk-848abfa-container stk--no-background stk--no-padding\"><div class=\"stk-block-content stk-inner-blocks stk-848abfa-inner-blocks\">\n<div class=\"wp-block-stackable-image stk-block-image has-text-align-left stk-block stk-a46c290\" data-block-id=\"a46c290\"><style>.stk-a46c290 .stk-img-wrapper{aspect-ratio:4\/3 !important;width:500px !important;height:auto !important;}@media screen and (max-width: 1023px){.stk-a46c290 .stk-img-wrapper{height:auto !important;}}@media screen and (max-width: 767px){.stk-a46c290 .stk-img-wrapper{width:100% !important;height:auto !important;}}<\/style><figure><span class=\"stk-img-wrapper stk-image--shape-stretch\"><img loading=\"lazy\" decoding=\"async\" class=\"stk-img wp-image-852\" src=\"http:\/\/rotermi.com.tr\/wp-content\/uploads\/2024\/11\/Urun-Gruplari-6-Alternatif-Yakma-Sistemleri-scaled.jpeg\" width=\"2560\" height=\"2361\" srcset=\"https:\/\/rotermi.com.tr\/wp-content\/uploads\/2024\/11\/Urun-Gruplari-6-Alternatif-Yakma-Sistemleri-scaled.jpeg 2560w, https:\/\/rotermi.com.tr\/wp-content\/uploads\/2024\/11\/Urun-Gruplari-6-Alternatif-Yakma-Sistemleri-300x277.jpeg 300w, https:\/\/rotermi.com.tr\/wp-content\/uploads\/2024\/11\/Urun-Gruplari-6-Alternatif-Yakma-Sistemleri-1024x944.jpeg 1024w, https:\/\/rotermi.com.tr\/wp-content\/uploads\/2024\/11\/Urun-Gruplari-6-Alternatif-Yakma-Sistemleri-768x708.jpeg 768w, https:\/\/rotermi.com.tr\/wp-content\/uploads\/2024\/11\/Urun-Gruplari-6-Alternatif-Yakma-Sistemleri-1536x1416.jpeg 1536w, https:\/\/rotermi.com.tr\/wp-content\/uploads\/2024\/11\/Urun-Gruplari-6-Alternatif-Yakma-Sistemleri-2048x1889.jpeg 2048w\" sizes=\"auto, (max-width: 2560px) 100vw, 2560px\" \/><\/span><\/figure><\/div>\n\n\n\n<div class=\"wp-block-stackable-heading stk-block-heading stk-block-heading--v2 stk-block stk-de679bc\" id=\"strong-a-href-https-rotermi-com-tr-urun-c-alternatif-yakma-sistemleri-target-blank-rel-noopener-title-span-style-color-000000-class-stk-highlight-altenatif-yakma-sistemleri-span-a-strong\" data-block-id=\"de679bc\"><h3 class=\"stk-block-heading__text\"><strong><a href=\"https:\/\/rotermi.com.tr\/urun_c\/alternatif-yakma-sistemleri\/\" target=\"_blank\" rel=\"noopener\" title=\"\"><span style=\"color: #000000;\" class=\"stk-highlight\">Altenatif Yakma Sistemleri<\/span><\/a><\/strong><\/h3><\/div>\n\n\n\n<div class=\"wp-block-stackable-icon-list stk-block-icon-list stk-block stk-c27078f\" data-block-id=\"c27078f\"><svg style=\"display:none\"><defs><g id=\"stk-icon-list__icon-svg-def-c27078f\"><svg xmlns=\"http:\/\/www.w3.org\/2000\/svg\" viewBox=\"0 0 190 190\"><polygon points=\"173.8,28.4 60.4,141.8 15.7,97.2 5.1,107.8 60.4,163 184.4,39 173.8,28.4\"\/><\/svg><\/g><\/defs><\/svg><ul class=\"stk-block-icon-list__ul stk-block-icon-list--column\"><\/ul><\/div>\n<\/div><\/div><\/div>\n<\/div><\/div>\n\n\n\n<div class=\"wp-block-stackable-columns stk-block-columns stk-block stk-d5e3789\" data-block-id=\"d5e3789\"><style>.stk-d5e3789-column{--stk-column-gap:32px !important;}<\/style><div class=\"stk-row stk-inner-blocks stk-block-content stk-content-align stk-d5e3789-column\">\n<div class=\"wp-block-stackable-column stk-block-column stk-column stk-block stk-be50da5\" data-v=\"4\" data-block-id=\"be50da5\"><div class=\"stk-column-wrapper stk-block-column__content stk-container stk-be50da5-container stk--no-background stk--no-padding\"><div class=\"stk-block-content stk-inner-blocks stk-be50da5-inner-blocks\">\n<div class=\"wp-block-stackable-image stk-block-image has-text-align-left stk-block stk-baea70d\" data-block-id=\"baea70d\"><style>.stk-baea70d .stk-img-wrapper{aspect-ratio:4\/3 !important;width:500px !important;height:auto !important;}@media screen and (max-width: 1023px){.stk-baea70d .stk-img-wrapper{height:auto !important;}}@media screen and (max-width: 767px){.stk-baea70d .stk-img-wrapper{width:100% !important;height:auto !important;}}<\/style><figure><span class=\"stk-img-wrapper stk-image--shape-stretch\"><img loading=\"lazy\" decoding=\"async\" class=\"stk-img wp-image-853\" src=\"http:\/\/rotermi.com.tr\/wp-content\/uploads\/2024\/11\/Urun-Gruplari-7-Kontrol-Otomasyon-Kopya-scaled.jpeg\" width=\"2560\" height=\"1706\" srcset=\"https:\/\/rotermi.com.tr\/wp-content\/uploads\/2024\/11\/Urun-Gruplari-7-Kontrol-Otomasyon-Kopya-scaled.jpeg 2560w, https:\/\/rotermi.com.tr\/wp-content\/uploads\/2024\/11\/Urun-Gruplari-7-Kontrol-Otomasyon-Kopya-300x200.jpeg 300w, https:\/\/rotermi.com.tr\/wp-content\/uploads\/2024\/11\/Urun-Gruplari-7-Kontrol-Otomasyon-Kopya-1024x683.jpeg 1024w, https:\/\/rotermi.com.tr\/wp-content\/uploads\/2024\/11\/Urun-Gruplari-7-Kontrol-Otomasyon-Kopya-768x512.jpeg 768w, https:\/\/rotermi.com.tr\/wp-content\/uploads\/2024\/11\/Urun-Gruplari-7-Kontrol-Otomasyon-Kopya-1536x1024.jpeg 1536w, https:\/\/rotermi.com.tr\/wp-content\/uploads\/2024\/11\/Urun-Gruplari-7-Kontrol-Otomasyon-Kopya-2048x1365.jpeg 2048w\" sizes=\"auto, (max-width: 2560px) 100vw, 2560px\" \/><\/span><\/figure><\/div>\n\n\n\n<div class=\"wp-block-stackable-heading stk-block-heading stk-block-heading--v2 stk-block stk-e607018\" id=\"a-href-https-rotermi-com-tr-urun-c-kontrol-otomasyon-target-blank-rel-noopener-title-span-style-color-000000-class-stk-highlight-kontrol-otomasyon-span-a\" data-block-id=\"e607018\"><h3 class=\"stk-block-heading__text\"><a href=\"https:\/\/rotermi.com.tr\/urun_c\/kontrol-otomasyon\/\" target=\"_blank\" rel=\"noopener\" title=\"\"><span style=\"color: #000000;\" class=\"stk-highlight\">Kontrol Otomasyon<\/span><\/a><\/h3><\/div>\n\n\n\n<div class=\"wp-block-stackable-icon-list stk-block-icon-list stk-block stk-ec8a83d\" data-block-id=\"ec8a83d\"><svg style=\"display:none\"><defs><g id=\"stk-icon-list__icon-svg-def-ec8a83d\"><svg xmlns=\"http:\/\/www.w3.org\/2000\/svg\" viewBox=\"0 0 190 190\"><polygon points=\"173.8,28.4 60.4,141.8 15.7,97.2 5.1,107.8 60.4,163 184.4,39 173.8,28.4\"\/><\/svg><\/g><\/defs><\/svg><ul class=\"stk-block-icon-list__ul stk-block-icon-list--column\"><\/ul><\/div>\n<\/div><\/div><\/div>\n\n\n\n<div class=\"wp-block-stackable-column stk-block-column stk-column stk-block stk-14112e6\" data-v=\"4\" data-block-id=\"14112e6\"><div class=\"stk-column-wrapper stk-block-column__content stk-container stk-14112e6-container stk--no-background stk--no-padding\"><div class=\"stk-block-content stk-inner-blocks stk-14112e6-inner-blocks\">\n<div class=\"wp-block-stackable-icon-list stk-block-icon-list stk-block stk-25be30e\" data-block-id=\"25be30e\"><svg style=\"display:none\"><defs><g id=\"stk-icon-list__icon-svg-def-25be30e\"><svg xmlns=\"http:\/\/www.w3.org\/2000\/svg\" viewBox=\"0 0 190 190\"><polygon points=\"173.8,28.4 60.4,141.8 15.7,97.2 5.1,107.8 60.4,163 184.4,39 173.8,28.4\"\/><\/svg><\/g><\/defs><\/svg><ul class=\"stk-block-icon-list__ul stk-block-icon-list--column\"><\/ul><\/div>\n<\/div><\/div><\/div>\n<\/div><\/div>\n<\/div><\/div><\/div>\n<\/div><\/div>\n\n\n\n<div class=\"wp-block-stackable-columns alignwide stk-block-columns stk-block stk-d7a3454\" data-block-id=\"d7a3454\"><div class=\"stk-row stk-inner-blocks stk-block-content stk-content-align stk-d7a3454-column alignwide\">\n<div class=\"wp-block-stackable-column stk-block-column stk-column stk-block stk-55080cc\" data-v=\"4\" data-block-id=\"55080cc\"><div class=\"stk-column-wrapper stk-block-column__content stk-container stk-55080cc-container stk--no-background stk--no-padding\"><div class=\"stk-block-content stk-inner-blocks stk-55080cc-inner-blocks\"><\/div><\/div><\/div>\n<\/div><\/div>\n\n\n\n<div class=\"wp-block-stackable-progress-bar stk-block-progress-bar stk-block stk-95e690c\" data-block-id=\"95e690c\"><style>.stk-95e690c .stk-progress-bar{--progress-value:100% !important;--progress-color-1:#cf2e2e !important;--progress-size:5px !important;}<\/style><div class=\"stk-block-progress-bar__container\"><div class=\"stk-progress-bar stk--with-animation\" role=\"progressbar\" aria-valuemin=\"0\" aria-valuemax=\"100\" aria-valuenow=\"100\" aria-valuetext=\"Design\"><div class=\"stk-progress-bar__bar\"><span class=\"stk-progress-bar__inner-text stk-progress-bar__text\">Design<\/span><span class=\"stk-progress-bar__inner-text stk-progress-bar__progress-value-text\">100<\/span><\/div><\/div><\/div><\/div>\n\n\n\n<p><\/p>\n","protected":false},"excerpt":{"rendered":"<p>100<\/p>\n","protected":false},"author":1,"featured_media":0,"parent":0,"menu_order":0,"comment_status":"closed","ping_status":"closed","template":"page-templates\/pagebuilder.php","meta":{"footnotes":""},"class_list":["post-88","page","type-page","status-publish","hentry"],"aioseo_notices":[],"_links":{"self":[{"href":"https:\/\/rotermi.com.tr\/tr_tr\/wp-json\/wp\/v2\/pages\/88","targetHints":{"allow":["GET"]}}],"collection":[{"href":"https:\/\/rotermi.com.tr\/tr_tr\/wp-json\/wp\/v2\/pages"}],"about":[{"href":"https:\/\/rotermi.com.tr\/tr_tr\/wp-json\/wp\/v2\/types\/page"}],"author":[{"embeddable":true,"href":"https:\/\/rotermi.com.tr\/tr_tr\/wp-json\/wp\/v2\/users\/1"}],"replies":[{"embeddable":true,"href":"https:\/\/rotermi.com.tr\/tr_tr\/wp-json\/wp\/v2\/comments?post=88"}],"version-history":[{"count":85,"href":"https:\/\/rotermi.com.tr\/tr_tr\/wp-json\/wp\/v2\/pages\/88\/revisions"}],"predecessor-version":[{"id":995,"href":"https:\/\/rotermi.com.tr\/tr_tr\/wp-json\/wp\/v2\/pages\/88\/revisions\/995"}],"wp:attachment":[{"href":"https:\/\/rotermi.com.tr\/tr_tr\/wp-json\/wp\/v2\/media?parent=88"}],"curies":[{"name":"wp","href":"https:\/\/api.w.org\/{rel}","templated":true}]}}