{"id":43,"date":"2023-06-06T10:59:23","date_gmt":"2023-06-06T10:59:23","guid":{"rendered":"http:\/\/rotermi.com.tr\/?page_id=43"},"modified":"2023-12-29T12:17:14","modified_gmt":"2023-12-29T12:17:14","slug":"anasayfa","status":"publish","type":"page","link":"https:\/\/rotermi.com.tr\/tr_tr\/anasayfa\/","title":{"rendered":"Anasayfa"},"content":{"rendered":"<style>\/*! elementor-pro - v3.13.2 - 22-05-2023 *\/\n.elementor-slides .swiper-slide-bg{background-size:cover;background-position:50%;background-repeat:no-repeat;min-width:100%;min-height:100%}.elementor-slides .swiper-slide-inner{background-repeat:no-repeat;background-position:50%;position:absolute;top:0;left:0;bottom:0;right:0;padding:50px;margin:auto}.elementor-slides .swiper-slide-inner,.elementor-slides .swiper-slide-inner:hover{color:#fff;display:flex}.elementor-slides .swiper-slide-inner .elementor-background-overlay{position:absolute;z-index:0;top:0;bottom:0;left:0;right:0}.elementor-slides .swiper-slide-inner .elementor-slide-content{position:relative;z-index:1;width:100%}.elementor-slides .swiper-slide-inner .elementor-slide-heading{font-size:35px;font-weight:700;line-height:1}.elementor-slides .swiper-slide-inner .elementor-slide-description{font-size:17px;line-height:1.4}.elementor-slides .swiper-slide-inner .elementor-slide-description:not(:last-child),.elementor-slides .swiper-slide-inner .elementor-slide-heading:not(:last-child){margin-bottom:30px}.elementor-slides .swiper-slide-inner .elementor-slide-button{border:2px solid #fff;color:#fff;background:transparent;display:inline-block}.elementor-slides .swiper-slide-inner .elementor-slide-button,.elementor-slides .swiper-slide-inner .elementor-slide-button:hover{background:transparent;color:inherit;text-decoration:none}.elementor--v-position-top .swiper-slide-inner{align-items:flex-start}.elementor--v-position-bottom .swiper-slide-inner{align-items:flex-end}.elementor--v-position-middle .swiper-slide-inner{align-items:center}.elementor--h-position-left .swiper-slide-inner{justify-content:flex-start}.elementor--h-position-right .swiper-slide-inner{justify-content:flex-end}.elementor--h-position-center .swiper-slide-inner{justify-content:center}body.rtl .elementor-widget-slides .elementor-swiper-button-next{left:10px;right:auto}body.rtl .elementor-widget-slides .elementor-swiper-button-prev{right:10px;left:auto}.elementor-slides-wrapper div:not(.swiper-slide)>.swiper-slide-inner{display:none}@media (max-width:767px){.elementor-slides .swiper-slide-inner{padding:30px}.elementor-slides .swiper-slide-inner .elementor-slide-heading{font-size:23px;line-height:1;margin-bottom:15px}.elementor-slides .swiper-slide-inner .elementor-slide-description{font-size:13px;line-height:1.4;margin-bottom:15px}}<\/style>\n<p>\t\t\t\t\t\t\t\t\t\tEnerji \u00c7\u00f6z\u00fcmlerinde \u00d6nc\u00fc FirmaSekt\u00f6rdeki Deneyim ve uzmanl\u0131\u011f\u0131m\u0131zla yenilik\u00e7i enerji \u00e7\u00f6z\u00fcmleri sunuyoruz.Kaliteli ve G\u00fcvenilir HizmetlerUzman m\u00fchendis ekibimiz ve geni\u015f deneyimimizle, projelerinizi \u00f6zelle\u015ftirilmi\u015f \u00e7\u00f6z\u00fcmlerle destekliyoruz. End\u00fcstriyel Yakma SistemleriEnd\u00fcstriyel Yakma Sistemlerinde \u00c7\u00f6z\u00fcm Orta\u011f\u0131n\u0131z<br \/>\n\t\t\t\t\t\t\t\t\t\t\t\t\t\tPrevious slide<br \/>\n\t\t\t\t\t\t\t\t\t\t\t\t\t\tNext slide<\/p>\n<style>\/*! elementor - v3.13.3 - 28-05-2023 *\/\n.elementor-widget-image{text-align:center}.elementor-widget-image a{display:inline-block}.elementor-widget-image a img[src$=\".svg\"]{width:48px}.elementor-widget-image img{vertical-align:middle;display:inline-block}<\/style>\n<p>\t\t\t\t\t\t\t\t\t\t\t\t<img decoding=\"async\" width=\"550\" height=\"590\" src=\"http:\/\/rotermi.com.tr\/wp-content\/uploads\/2023\/06\/main-about.jpg\" alt=\"\" loading=\"lazy\" srcset=\"http:\/\/rotermi.com.tr\/wp-content\/uploads\/2023\/06\/main-about.jpg 550w, http:\/\/rotermi.com.tr\/wp-content\/uploads\/2023\/06\/main-about-280x300.jpg 280w\" sizes=\"auto, (max-width: 550px) 100vw, 550px\" \/>\t\t\t\t\t\t\t\t\t\t\t\t\t\t\t<\/p>\n<style>\/*! elementor - v3.13.3 - 28-05-2023 *\/\n.elementor-heading-title{padding:0;margin:0;line-height:1}.elementor-widget-heading .elementor-heading-title[class*=elementor-size-]>a{color:inherit;font-size:inherit;line-height:inherit}.elementor-widget-heading .elementor-heading-title.elementor-size-small{font-size:15px}.elementor-widget-heading .elementor-heading-title.elementor-size-medium{font-size:19px}.elementor-widget-heading .elementor-heading-title.elementor-size-large{font-size:29px}.elementor-widget-heading .elementor-heading-title.elementor-size-xl{font-size:39px}.elementor-widget-heading .elementor-heading-title.elementor-size-xxl{font-size:59px}<\/style>\n<h3>Biz Kimiz?<\/h3>\n<h2>End\u00fcstriyel \u00c7\u00f6z\u00fcm Orta\u011f\u0131<\/h2>\n<p>Rotermi Enerji, enerji sekt\u00f6r\u00fcnde \u00f6nc\u00fc bir firma. M\u00fchendislik, proje y\u00f6netimi ve \u00fcr\u00fcn sat\u0131\u015f\u0131 alanlar\u0131nda uzmanla\u015fm\u0131\u015f bir ekip olarak m\u00fc\u015fterilerimize \u00e7\u00f6z\u00fcm orta\u011f\u0131 oluyoruz. \u0130novasyon ve m\u00fc\u015fteri memnuniyeti odakl\u0131 \u00e7al\u0131\u015farak g\u00fcvenilir bir marka olmay\u0131 hedefliyoruz.<\/p>\n<style>\/*! elementor - v3.13.3 - 28-05-2023 *\/\n.elementor-widget-tabs.elementor-tabs-view-vertical .elementor-tabs-wrapper{width:25%;flex-shrink:0}.elementor-widget-tabs.elementor-tabs-view-vertical .elementor-tab-desktop-title.elementor-active{border-right-style:none}.elementor-widget-tabs.elementor-tabs-view-vertical .elementor-tab-desktop-title.elementor-active:after,.elementor-widget-tabs.elementor-tabs-view-vertical .elementor-tab-desktop-title.elementor-active:before{height:999em;width:0;right:0;border-right-style:solid}.elementor-widget-tabs.elementor-tabs-view-vertical .elementor-tab-desktop-title.elementor-active:before{top:0;transform:translateY(-100%)}.elementor-widget-tabs.elementor-tabs-view-vertical .elementor-tab-desktop-title.elementor-active:after{top:100%}.elementor-widget-tabs.elementor-tabs-view-horizontal .elementor-tab-desktop-title{display:table-cell}.elementor-widget-tabs.elementor-tabs-view-horizontal .elementor-tab-desktop-title.elementor-active{border-bottom-style:none}.elementor-widget-tabs.elementor-tabs-view-horizontal .elementor-tab-desktop-title.elementor-active:after,.elementor-widget-tabs.elementor-tabs-view-horizontal .elementor-tab-desktop-title.elementor-active:before{bottom:0;height:0;width:999em;border-bottom-style:solid}.elementor-widget-tabs.elementor-tabs-view-horizontal .elementor-tab-desktop-title.elementor-active:before{right:100%}.elementor-widget-tabs.elementor-tabs-view-horizontal .elementor-tab-desktop-title.elementor-active:after{left:100%}.elementor-widget-tabs .elementor-tab-content,.elementor-widget-tabs .elementor-tab-title,.elementor-widget-tabs .elementor-tab-title:after,.elementor-widget-tabs .elementor-tab-title:before,.elementor-widget-tabs .elementor-tabs-content-wrapper{border:1px #d5d8dc}.elementor-widget-tabs .elementor-tabs{text-align:left}.elementor-widget-tabs .elementor-tabs-wrapper{overflow:hidden}.elementor-widget-tabs .elementor-tab-title{cursor:pointer;outline:var(--focus-outline,none)}.elementor-widget-tabs .elementor-tab-desktop-title{position:relative;padding:20px 25px;font-weight:700;line-height:1;border:solid transparent}.elementor-widget-tabs .elementor-tab-desktop-title.elementor-active{border-color:#d5d8dc}.elementor-widget-tabs .elementor-tab-desktop-title.elementor-active:after,.elementor-widget-tabs .elementor-tab-desktop-title.elementor-active:before{display:block;content:\"\";position:absolute}.elementor-widget-tabs .elementor-tab-desktop-title:focus-visible{border:1px solid #000}.elementor-widget-tabs .elementor-tab-mobile-title{padding:10px;cursor:pointer}.elementor-widget-tabs .elementor-tab-content{padding:20px;display:none}@media (max-width:767px){.elementor-tabs .elementor-tab-content,.elementor-tabs .elementor-tab-title{border-style:solid solid none}.elementor-tabs .elementor-tabs-wrapper{display:none}.elementor-tabs .elementor-tabs-content-wrapper{border-bottom-style:solid}.elementor-tabs .elementor-tab-content{padding:10px}}@media (min-width:768px){.elementor-widget-tabs.elementor-tabs-view-vertical .elementor-tabs{display:flex}.elementor-widget-tabs.elementor-tabs-view-vertical .elementor-tabs-wrapper{flex-direction:column}.elementor-widget-tabs.elementor-tabs-view-vertical .elementor-tabs-content-wrapper{flex-grow:1;border-style:solid solid solid none}.elementor-widget-tabs.elementor-tabs-view-horizontal .elementor-tab-content{border-style:none solid solid}.elementor-widget-tabs.elementor-tabs-alignment-center .elementor-tabs-wrapper,.elementor-widget-tabs.elementor-tabs-alignment-end .elementor-tabs-wrapper,.elementor-widget-tabs.elementor-tabs-alignment-stretch .elementor-tabs-wrapper{display:flex}.elementor-widget-tabs.elementor-tabs-alignment-center .elementor-tabs-wrapper{justify-content:center}.elementor-widget-tabs.elementor-tabs-alignment-end .elementor-tabs-wrapper{justify-content:flex-end}.elementor-widget-tabs.elementor-tabs-alignment-stretch.elementor-tabs-view-horizontal .elementor-tab-title{width:100%}.elementor-widget-tabs.elementor-tabs-alignment-stretch.elementor-tabs-view-vertical .elementor-tab-title{height:100%}.elementor-tabs .elementor-tab-mobile-title{display:none}}<\/style>\n<p>\t\t\t\t\t\t\t\t\tProfesyonel<br \/>\n\t\t\t\t\t\t\t\t\t\u0130novatif<br \/>\n\t\t\t\t\t\t\t\t\tM\u00fc\u015fteri Odakl\u0131<br \/>\n\t\t\t\t\t\t\t\t\tProfesyonel<\/p>\n<p>Rotermi Enerji, sekt\u00f6rdeki profesyonel yakla\u015f\u0131m\u0131yla m\u00fc\u015fterilerine kaliteli hizmetler sunmaktad\u0131r<\/p>\n<p>\t\t\t\t\t\t\t\t\t\u0130novatif<\/p>\n<p>Rotermi Enerji, s\u00fcrekli olarak inovatif \u00e7\u00f6z\u00fcmler \u00fcreterek enerji sekt\u00f6r\u00fcnde \u00f6nc\u00fc bir konumda yer almaktad\u0131r.<\/p>\n<p>\t\t\t\t\t\t\t\t\tM\u00fc\u015fteri Odakl\u0131<\/p>\n<p>Rotermi Enerji, m\u00fc\u015fteri-odakl\u0131 yakla\u015f\u0131m\u0131yla ihtiya\u00e7lar\u0131 do\u011fru anlayarak \u00f6zelle\u015ftirilmi\u015f \u00e7\u00f6z\u00fcmler sunmaktad\u0131r.<\/p>\n<p>\t\t\t<a href=\"http:\/\/rotermi.com.tr\/hakkimizda\/\" role=\"button\"><br \/>\n\t\t\t\t\t\tHakk\u0131m\u0131zda<br \/>\n\t\t\t\t\t<\/a><\/p>\n<h3>\u00dcr\u00fcn Gruplar\u0131<\/h3>\n<style>\/*! elementor - v3.13.3 - 28-05-2023 *\/\n.elementor-widget-divider{--divider-border-style:none;--divider-border-width:1px;--divider-color:#0c0d0e;--divider-icon-size:20px;--divider-element-spacing:10px;--divider-pattern-height:24px;--divider-pattern-size:20px;--divider-pattern-url:none;--divider-pattern-repeat:repeat-x}.elementor-widget-divider .elementor-divider{display:flex}.elementor-widget-divider .elementor-divider__text{font-size:15px;line-height:1;max-width:95%}.elementor-widget-divider .elementor-divider__element{margin:0 var(--divider-element-spacing);flex-shrink:0}.elementor-widget-divider .elementor-icon{font-size:var(--divider-icon-size)}.elementor-widget-divider .elementor-divider-separator{display:flex;margin:0;direction:ltr}.elementor-widget-divider--view-line_icon .elementor-divider-separator,.elementor-widget-divider--view-line_text .elementor-divider-separator{align-items:center}.elementor-widget-divider--view-line_icon .elementor-divider-separator:after,.elementor-widget-divider--view-line_icon .elementor-divider-separator:before,.elementor-widget-divider--view-line_text .elementor-divider-separator:after,.elementor-widget-divider--view-line_text .elementor-divider-separator:before{display:block;content:\"\";border-bottom:0;flex-grow:1;border-top:var(--divider-border-width) var(--divider-border-style) var(--divider-color)}.elementor-widget-divider--element-align-left .elementor-divider .elementor-divider-separator>.elementor-divider__svg:first-of-type{flex-grow:0;flex-shrink:100}.elementor-widget-divider--element-align-left .elementor-divider-separator:before{content:none}.elementor-widget-divider--element-align-left .elementor-divider__element{margin-left:0}.elementor-widget-divider--element-align-right .elementor-divider .elementor-divider-separator>.elementor-divider__svg:last-of-type{flex-grow:0;flex-shrink:100}.elementor-widget-divider--element-align-right .elementor-divider-separator:after{content:none}.elementor-widget-divider--element-align-right .elementor-divider__element{margin-right:0}.elementor-widget-divider:not(.elementor-widget-divider--view-line_text):not(.elementor-widget-divider--view-line_icon) .elementor-divider-separator{border-top:var(--divider-border-width) var(--divider-border-style) var(--divider-color)}.elementor-widget-divider--separator-type-pattern{--divider-border-style:none}.elementor-widget-divider--separator-type-pattern.elementor-widget-divider--view-line .elementor-divider-separator,.elementor-widget-divider--separator-type-pattern:not(.elementor-widget-divider--view-line) .elementor-divider-separator:after,.elementor-widget-divider--separator-type-pattern:not(.elementor-widget-divider--view-line) .elementor-divider-separator:before,.elementor-widget-divider--separator-type-pattern:not([class*=elementor-widget-divider--view]) .elementor-divider-separator{width:100%;min-height:var(--divider-pattern-height);-webkit-mask-size:var(--divider-pattern-size) 100%;mask-size:var(--divider-pattern-size) 100%;-webkit-mask-repeat:var(--divider-pattern-repeat);mask-repeat:var(--divider-pattern-repeat);background-color:var(--divider-color);-webkit-mask-image:var(--divider-pattern-url);mask-image:var(--divider-pattern-url)}.elementor-widget-divider--no-spacing{--divider-pattern-size:auto}.elementor-widget-divider--bg-round{--divider-pattern-repeat:round}.rtl .elementor-widget-divider .elementor-divider__text{direction:rtl}.e-con-inner>.elementor-widget-divider,.e-con>.elementor-widget-divider{width:var(--container-widget-width,100%);--flex-grow:var(--container-widget-flex-grow)}<\/style>\n<style>\/*! elementor - v3.13.3 - 28-05-2023 *\/\n.elementor-widget-image-box .elementor-image-box-content{width:100%}@media (min-width:768px){.elementor-widget-image-box.elementor-position-left .elementor-image-box-wrapper,.elementor-widget-image-box.elementor-position-right .elementor-image-box-wrapper{display:flex}.elementor-widget-image-box.elementor-position-right .elementor-image-box-wrapper{text-align:right;flex-direction:row-reverse}.elementor-widget-image-box.elementor-position-left .elementor-image-box-wrapper{text-align:left;flex-direction:row}.elementor-widget-image-box.elementor-position-top .elementor-image-box-img{margin:auto}.elementor-widget-image-box.elementor-vertical-align-top .elementor-image-box-wrapper{align-items:flex-start}.elementor-widget-image-box.elementor-vertical-align-middle .elementor-image-box-wrapper{align-items:center}.elementor-widget-image-box.elementor-vertical-align-bottom .elementor-image-box-wrapper{align-items:flex-end}}@media (max-width:767px){.elementor-widget-image-box .elementor-image-box-img{margin-left:auto!important;margin-right:auto!important;margin-bottom:15px}}.elementor-widget-image-box .elementor-image-box-img{display:inline-block}.elementor-widget-image-box .elementor-image-box-title a{color:inherit}.elementor-widget-image-box .elementor-image-box-wrapper{text-align:center}.elementor-widget-image-box .elementor-image-box-description{margin:0}<\/style>\n<figure><a href=\"http:\/\/rotermi.com.tr\/urun_c\/brulorler\/\"><img decoding=\"async\" width=\"400\" height=\"300\" src=\"http:\/\/rotermi.com.tr\/wp-content\/uploads\/2023\/06\/rotermi-default-image.jpg\" alt=\"\" loading=\"lazy\" \/><\/a><\/figure>\n<h3><a href=\"http:\/\/rotermi.com.tr\/urun_c\/brulorler\/\">Br\u00fcl\u00f6rler<\/a><\/h3>\n<figure><a href=\"http:\/\/rotermi.com.tr\/urun_c\/kazan-ve-ekipmanlari\/\"><img decoding=\"async\" width=\"400\" height=\"300\" src=\"http:\/\/rotermi.com.tr\/wp-content\/uploads\/2023\/06\/rotermi-default-image.jpg\" alt=\"\" loading=\"lazy\" \/><\/a><\/figure>\n<h3><a href=\"http:\/\/rotermi.com.tr\/urun_c\/kazan-ve-ekipmanlari\/\">Kazan ve Ekipmanlar\u0131<\/a><\/h3>\n<figure><a href=\"http:\/\/rotermi.com.tr\/urun_c\/sicak-hava-jeneratoru-ocagi\/\"><img decoding=\"async\" width=\"400\" height=\"300\" src=\"http:\/\/rotermi.com.tr\/wp-content\/uploads\/2023\/06\/rotermi-default-image.jpg\" alt=\"\" loading=\"lazy\" \/><\/a><\/figure>\n<h3><a href=\"http:\/\/rotermi.com.tr\/urun_c\/sicak-hava-jeneratoru-ocagi\/\">S\u0131cak Hava Jenarat\u00f6r\u00fc<\/a><\/h3>\n<figure><a href=\"http:\/\/rotermi.com.tr\/urun_c\/depolama-tanklari\/\"><img decoding=\"async\" width=\"400\" height=\"300\" src=\"http:\/\/rotermi.com.tr\/wp-content\/uploads\/2023\/06\/rotermi-default-image.jpg\" alt=\"\" loading=\"lazy\" \/><\/a><\/figure>\n<h3><a href=\"http:\/\/rotermi.com.tr\/urun_c\/depolama-tanklari\/\">Depolama Tanklar\u0131<\/a><\/h3>\n<figure><a href=\"http:\/\/rotermi.com.tr\/urun_c\/isi-degistiriciler\/\"><img decoding=\"async\" width=\"400\" height=\"300\" src=\"http:\/\/rotermi.com.tr\/wp-content\/uploads\/2023\/06\/rotermi-default-image.jpg\" alt=\"\" loading=\"lazy\" \/><\/a><\/figure>\n<h3><a href=\"http:\/\/rotermi.com.tr\/urun_c\/isi-degistiriciler\/\">Is\u0131 De\u011fi\u015ftiriciler<\/a><\/h3>\n<figure><a href=\"http:\/\/rotermi.com.tr\/urun_c\/kontrol-otomasyon\/\"><img decoding=\"async\" width=\"400\" height=\"300\" src=\"http:\/\/rotermi.com.tr\/wp-content\/uploads\/2023\/06\/rotermi-default-image.jpg\" alt=\"\" loading=\"lazy\" \/><\/a><\/figure>\n<h3><a href=\"http:\/\/rotermi.com.tr\/urun_c\/kontrol-otomasyon\/\">Kontrol Otomasyon<\/a><\/h3>\n<link rel=\"stylesheet\" href=\"http:\/\/rotermi.com.tr\/wp-content\/plugins\/elementor\/assets\/css\/widget-icon-box.min.css\">\n<h3>\n\t\t\t\t\t\tE-Posta<br \/>\n\t\t\t\t<\/h3>\n<p>\n\t\t\t\t\t\tH\u0131zl\u0131 bir \u015fekilde d\u00f6n\u00fc\u015f sa\u011flar\u0131z\t\t\t\t\t<\/p>\n<h2><a href=\"mailto:info@rotermi.com.tr\">info@rotermi.com.tr<\/a><\/h2>\n<h3>\n\t\t\t\t\t\tTelefon<br \/>\n\t\t\t\t<\/h3>\n<p>\n\t\t\t\t\t\tMesai saatlerinde ulabilirsiniz\t\t\t\t\t<\/p>\n<h2><a href=\"tel:08505325085\">0 850 532 50 85<\/a><\/h2>\n<h3>\n\t\t\t\t\t\tAdres<br \/>\n\t\t\t\t<\/h3>\n<p>\n\t\t\t\t\t\tSizleri g\u00f6rmekten mutluluk duyar\u0131z\t\t\t\t\t<\/p>\n<h2>Deluxia Palace Barbaros Mah. Mor S\u00fcmb\u00fcl Sok. No:5A\/88 Kat:3 Ata\u015fehir \/ \u0130stanbul<\/h2>\n<link rel=\"stylesheet\" href=\"http:\/\/rotermi.com.tr\/wp-content\/plugins\/elementor\/assets\/css\/widget-icon-list.min.css\">\n<ul>\n<li>\n\t\t\t\t\t\t\t\t\t\t\t<a href=\"https:\/\/www.linkedin.com\/company\/rotermi\/\" target=\"_blank\" rel=\"noopener\"><br \/>\n\t\t\t\t\t\t\t\t\t\tBizi Takip Edin<br \/>\n\t\t\t\t\t\t\t\t\t\t\t<\/a>\n\t\t\t\t\t\t\t\t\t<\/li>\n<\/ul>\n<h2>\u0130leti\u015fim Formu<\/h2>\n<style>\/*! elementor - v3.13.3 - 28-05-2023 *\/\n.elementor-widget-google_maps .elementor-widget-container{overflow:hidden}.elementor-widget-google_maps .elementor-custom-embed{line-height:0}.elementor-widget-google_maps iframe{height:300px}<\/style>\n<p>\t\t\t<iframe loading=\"lazy\"\n\t\t\t\t\tsrc=\"https:\/\/maps.google.com\/maps?q=Rotermi%20Enerji&#038;t=m&#038;z=10&#038;output=embed&#038;iwloc=near\"\n\t\t\t\t\ttitle=\"Rotermi Enerji\"\n\t\t\t\t\taria-label=\"Rotermi Enerji\"\n\t\t\t><\/iframe><\/p>\n","protected":false},"excerpt":{"rendered":"<p>Enerji \u00c7\u00f6z\u00fcmlerinde \u00d6nc\u00fc FirmaSekt\u00f6rdeki Deneyim ve uzmanl\u0131\u011f\u0131m\u0131zla yenilik\u00e7i enerji \u00e7\u00f6z\u00fcmleri sunuyoruz.Kaliteli ve G\u00fcvenilir HizmetlerUzman m\u00fchendis ekibimiz ve geni\u015f deneyimimizle, projelerinizi \u00f6zelle\u015ftirilmi\u015f \u00e7\u00f6z\u00fcmlerle destekliyoruz. End\u00fcstriyel Yakma SistemleriEnd\u00fcstriyel Yakma Sistemlerinde \u00c7\u00f6z\u00fcm Orta\u011f\u0131n\u0131z&hellip;<\/p>\n","protected":false},"author":1,"featured_media":0,"parent":0,"menu_order":0,"comment_status":"closed","ping_status":"closed","template":"","meta":{"footnotes":""},"class_list":["post-43","page","type-page","status-publish","hentry"],"aioseo_notices":[],"_links":{"self":[{"href":"https:\/\/rotermi.com.tr\/tr_tr\/wp-json\/wp\/v2\/pages\/43","targetHints":{"allow":["GET"]}}],"collection":[{"href":"https:\/\/rotermi.com.tr\/tr_tr\/wp-json\/wp\/v2\/pages"}],"about":[{"href":"https:\/\/rotermi.com.tr\/tr_tr\/wp-json\/wp\/v2\/types\/page"}],"author":[{"embeddable":true,"href":"https:\/\/rotermi.com.tr\/tr_tr\/wp-json\/wp\/v2\/users\/1"}],"replies":[{"embeddable":true,"href":"https:\/\/rotermi.com.tr\/tr_tr\/wp-json\/wp\/v2\/comments?post=43"}],"version-history":[{"count":73,"href":"https:\/\/rotermi.com.tr\/tr_tr\/wp-json\/wp\/v2\/pages\/43\/revisions"}],"predecessor-version":[{"id":427,"href":"https:\/\/rotermi.com.tr\/tr_tr\/wp-json\/wp\/v2\/pages\/43\/revisions\/427"}],"wp:attachment":[{"href":"https:\/\/rotermi.com.tr\/tr_tr\/wp-json\/wp\/v2\/media?parent=43"}],"curies":[{"name":"wp","href":"https:\/\/api.w.org\/{rel}","templated":true}]}}