{"id":190,"date":"2023-06-08T20:53:12","date_gmt":"2023-06-08T20:53:12","guid":{"rendered":"http:\/\/rotermi.com.tr\/?page_id=190"},"modified":"2024-09-03T16:51:09","modified_gmt":"2024-09-03T16:51:09","slug":"hakkimizda","status":"publish","type":"page","link":"https:\/\/rotermi.com.tr\/tr_tr\/hakkimizda\/","title":{"rendered":"Hakk\u0131m\u0131zda"},"content":{"rendered":"\n<blockquote class=\"wp-block-stackable-blockquote stk-block-blockquote stk-block stk-b9c7d09 is-style-simple\" data-v=\"2\" data-block-id=\"b9c7d09\"><div class=\"has-text-align-left stk-block-blockquote__content stk-container stk-b9c7d09-container stk--no-background stk--no-padding\"><div class=\"stk-block-content stk-inner-blocks\">\n<div class=\"wp-block-stackable-icon stk-block-icon stk-block stk-9bd8582\" data-block-id=\"9bd8582\"><style>.stk-9bd8582{top:-50px !important;left:-50px !important;position:absolute !important;opacity:0.2 !important}.stk-9bd8582 .stk--svg-wrapper .stk--inner-svg svg:last-child{height:200px !important;width:200px !important}<\/style><span class=\"stk--svg-wrapper\"><div class=\"stk--inner-svg\"><svg style=\"height:0;width:0\"><defs><linearGradient id=\"linear-gradient-9bd8582\" x1=\"0\" x2=\"100%\" y1=\"0\" y2=\"0\"><stop offset=\"0%\" style=\"stop-opacity:1;stop-color:var(--linear-gradient-9-bd-8582-color-1)\"><\/stop><stop offset=\"100%\" style=\"stop-opacity:1;stop-color:var(--linear-gradient-9-bd-8582-color-2)\"><\/stop><\/linearGradient><\/defs><\/svg><svg xmlns=\"http:\/\/www.w3.org\/2000\/svg\" viewBox=\"0 0 50 50\" aria-hidden=\"true\" width=\"32\" height=\"32\"><path d=\"M19.8 9.3C10.5 11.8 4.6 17 2.1 24.8c2.3-3.6 5.6-5.4 9.9-5.4 3.3 0 6 1.1 8.3 3.3 2.2 2.2 3.4 5 3.4 8.3 0 3.2-1.1 5.8-3.3 8-2.2 2.2-5.1 3.2-8.7 3.2-3.7 0-6.5-1.2-8.6-3.5C1 36.3 0 33.1 0 29 0 18.3 6.5 11.2 19.6 7.9l.2 1.4zm26.4 0C36.9 11.9 31 17 28.5 24.8c2.2-3.6 5.5-5.4 9.8-5.4 3.2 0 6 1.1 8.3 3.2 2.3 2.2 3.4 4.9 3.4 8.3 0 3.1-1.1 5.8-3.3 7.9-2.2 2.2-5.1 3.3-8.6 3.3-3.7 0-6.6-1.1-8.6-3.4-2.1-2.3-3.1-5.5-3.1-9.7 0-10.7 6.6-17.8 19.7-21.1l.1 1.4z\"><\/path><\/svg><\/div><\/span><\/div>\n\n\n\n<div class=\"wp-block-stackable-text stk-block-text stk-block stk-67e09c6\" data-block-id=\"67e09c6\"><style>.stk-67e09c6 .stk-block-text__text{font-size:40px !important}@media screen and (max-width:1023px){.stk-67e09c6 .stk-block-text__text{font-size:40px !important}}<\/style><p class=\"stk-block-text__text\"><\/p><\/div>\n<\/div><\/div><\/blockquote>\n\n\n\n<div class=\"wp-block-stackable-call-to-action alignfull stk-block-call-to-action stk-block stk-c72b0a2 stk-block-background stk--has-background-overlay\" data-v=\"2\" data-block-id=\"c72b0a2\"><style>.stk-c72b0a2{background-color:#cf2e2e !important;background-image:url(http:\/\/rotermi.com.tr\/wp-content\/uploads\/2023\/06\/fire-raf-rotermi.jpg) !important;min-height:600px !important;align-items:center !important;display:flex !important}.stk-c72b0a2:before{background-color:#cf2e2e !important;opacity:0.4 !important}<\/style><div class=\"stk-block-call-to-action__content stk-content-align stk-c72b0a2-column alignwide stk-container stk-c72b0a2-container stk--no-background stk--no-padding\"><div class=\"has-text-align-left stk-block-content stk-inner-blocks stk-c72b0a2-inner-blocks\">\n<div class=\"wp-block-stackable-heading stk-block-heading stk-block-heading--v2 stk-block stk-636be16\" id=\"biz-kimiz\" data-block-id=\"636be16\"><style>.stk-636be16{margin-bottom:14px !important}.stk-636be16 .stk-block-heading__text{font-size:48px !important;color:#FFFFFF !important;font-weight:600 !important;font-family:\"Lato\",Sans-serif !important}@media screen and (max-width:1023px){.stk-636be16 .stk-block-heading__text{font-size:48px !important}}<\/style><h3 class=\"stk-block-heading__text has-text-color has-white-color\">Biz Kimiz?<\/h3><\/div>\n\n\n\n<div class=\"wp-block-stackable-text stk-block-text stk-block stk-62733eb\" data-block-id=\"62733eb\"><style>.stk-62733eb .stk-block-text__text{color:#FFFFFF !important}<\/style><p class=\"stk-block-text__text has-text-color has-white-color\">15 y\u0131ll\u0131k tecr\u00fcbemiz ile kurmu\u015f oldu\u011fumuz Rotermi Enerji m\u00fchendislik, proje, \u00fcr\u00fcn sat\u0131\u015f\u0131, taahh\u00fct ve uygulama hizmetleri vermektedir.<br>Bilgi birikimi ve deneyimli kadrosu ile end\u00fcstriyel alanda da m\u00fc\u015fterilerinin \u00e7\u00f6z\u00fcm orta\u011f\u0131 olma yolunda proje ve m\u00fchendislik, planlama, \u00fcr\u00fcn tedari\u011fi, taahh\u00fct, devreye alma d\u00e2hil hizmetler ile faaliyet g\u00f6stermektedir.<br>Ekibimizin hedefi; M\u00fc\u015fteri taleplerini m\u00fchendislik yakla\u015f\u0131m\u0131yla tedarik\u00e7i \u00fcr\u00fcnleri ile birle\u015ftirip do\u011fru hizmeti sa\u011flamakt\u0131r.<\/p><\/div>\n\n\n\n<div class=\"wp-block-stackable-tabs stk-block-tabs stk-block stk-5585db9 stk-block-background\" data-initial-tab=\"1\" data-block-id=\"5585db9\"><style>.stk-5585db9{border-top-left-radius:27px !important;border-top-right-radius:27px !important;border-bottom-right-radius:27px !important;border-bottom-left-radius:27px !important;overflow:hidden !important;box-shadow:0 5px 5px 0 #123f5209 !important;border-style:dashed !important}<\/style><div class=\"stk-row stk-inner-blocks stk-block-content stk-block-tabs--horizontal stk-block-tabs--fade stk-content-align stk-5585db9-column\">\n<div class=\"wp-block-stackable-tab-labels stk-block-tab-labels stk-block stk-ffee98f stk-block-background is-style-centered-pills\" data-block-id=\"ffee98f\"><style>.stk-ffee98f{border-top-left-radius:50px !important;border-top-right-radius:50px !important;border-bottom-right-radius:50px !important;border-bottom-left-radius:50px !important;overflow:hidden !important;padding-top:8px !important;padding-right:8px !important;padding-bottom:8px !important;padding-left:8px !important;margin-right:auto !important;margin-left:auto !important}.stk-ffee98f .stk-block-tab-labels__text{color:#ffffff !important}.stk-ffee98f .stk-block-tab-labels__wrapper{justify-content:center !important}.stk-ffee98f .stk-block-tabs__tab{color:#ffffff !important;padding-top:8px !important;padding-right:24px !important;padding-bottom:8px !important;padding-left:24px !important;background:#cf2e2e !important;border-top-left-radius:50px !important;border-top-right-radius:50px !important;border-bottom-right-radius:50px !important;border-bottom-left-radius:50px !important}.stk-ffee98f .stk-block-tabs__tab.stk-block-tabs__tab--active .stk-block-tab-labels__text{color:#ffffff !important}.stk-ffee98f .stk-block-tabs__tab:not(.stk-block-tabs__tab--active):hover{background:#dddddd !important;opacity:1 !important}.stk-ffee98f .stk-block-tabs__tab .stk--inner-svg svg:last-child,.stk-ffee98f .stk-block-tabs__tab .stk--inner-svg svg:last-child :is(g,path,rect,polygon,ellipse){fill:#777777 !important}.stk-ffee98f .stk-block-tabs__tab:not(.stk-block-tabs__tab--active):hover .stk--inner-svg svg:last-child,.stk-ffee98f .stk-block-tabs__tab:not(.stk-block-tabs__tab--active):hover .stk--inner-svg svg:last-child :is(g,path,rect,polygon,ellipse){fill:#000000 !important}.stk-ffee98f .stk-block-tabs__tab.stk-block-tabs__tab--active{background:#000000 !important}.stk-ffee98f .stk-block-tabs__tab.stk-block-tabs__tab--active .stk--inner-svg svg:last-child,.stk-ffee98f .stk-block-tabs__tab.stk-block-tabs__tab--active .stk--inner-svg svg:last-child :is(g,path,rect,polygon,ellipse){fill:#ffffff !important}<\/style><div class=\"stk-block-tab-labels__wrapper\" role=\"tablist\"><button class=\"stk-block-tabs__tab\" role=\"tab\"><div class=\"stk-block-tab-labels__text\"><span>Profosyonel<\/span><\/div><\/button><button class=\"stk-block-tabs__tab\" role=\"tab\"><div class=\"stk-block-tab-labels__text\"><span>Inovatif<\/span><\/div><\/button><button class=\"stk-block-tabs__tab\" role=\"tab\"><div class=\"stk-block-tab-labels__text\"><span>M\u00fc\u015fteri Odakl\u0131 Yakla\u015f\u0131m<\/span><\/div><\/button><\/div><\/div>\n\n\n\n<div class=\"wp-block-stackable-tab-content stk-block-tab-content stk-block stk-a66a280\" data-block-id=\"a66a280\"><div class=\"stk-row stk-inner-blocks stk-block-content stk-content-align stk-a66a280-column\">\n<div class=\"wp-block-stackable-column stk-block-column stk-column stk-block stk-3358242\" data-v=\"4\" role=\"tabpanel\" data-block-id=\"3358242\"><div class=\"stk-column-wrapper stk-block-column__content stk-container stk-3358242-container stk--no-background stk--no-padding\"><div class=\"stk-block-content stk-inner-blocks stk-3358242-inner-blocks\">\n<p class=\"has-text-align-center\">Rotermi Enerji, sekt\u00f6rdeki profesyonel yakla\u015f\u0131m\u0131yla m\u00fc\u015fterilerine kaliteli hizmetler sunmaktad\u0131r<\/p>\n<\/div><\/div><\/div>\n\n\n\n<div class=\"wp-block-stackable-column stk-block-column stk-column stk-block stk-2302c78\" data-v=\"4\" role=\"tabpanel\" data-block-id=\"2302c78\"><div class=\"stk-column-wrapper stk-block-column__content stk-container stk-2302c78-container stk--no-background stk--no-padding\"><div class=\"stk-block-content stk-inner-blocks stk-2302c78-inner-blocks\">\n<p class=\"has-text-align-center\">Rotermi Enerji, s\u00fcrekli olarak inovatif \u00e7\u00f6z\u00fcmler \u00fcreterek enerji sekt\u00f6r\u00fcnde \u00f6nc\u00fc bir konumda yer almaktad\u0131r.<\/p>\n<\/div><\/div><\/div>\n\n\n\n<div class=\"wp-block-stackable-column stk-block-column stk-column stk-block stk-8b3256f\" data-v=\"4\" role=\"tabpanel\" data-block-id=\"8b3256f\"><div class=\"stk-column-wrapper stk-block-column__content stk-container stk-8b3256f-container stk--no-background stk--no-padding\"><div class=\"has-text-align-center stk-block-content stk-inner-blocks stk-8b3256f-inner-blocks\">\n<p>Rotermi Enerji, m\u00fc\u015fteri-odakl\u0131 yakla\u015f\u0131m\u0131yla ihtiya\u00e7lar\u0131 do\u011fru anlayarak \u00f6zelle\u015ftirilmi\u015f \u00e7\u00f6z\u00fcmler sunmaktad\u0131r.<\/p>\n<\/div><\/div><\/div>\n<\/div><\/div>\n<\/div><\/div>\n<\/div><\/div><\/div>\n\n\n\n<div class=\"wp-block-stackable-feature-grid alignwide stk-block-feature-grid stk-block-columns stk-block stk-c2aa101 is-style-default\" data-block-id=\"c2aa101\"><div class=\"stk-row stk-inner-blocks has-text-align-center stk-block-content stk-content-align stk-c2aa101-column alignwide\">\n<div class=\"wp-block-stackable-column stk-block-column stk-column stk-block stk-b7cad9d\" data-v=\"4\" data-block-id=\"b7cad9d\"><style>.stk-b7cad9d-container{box-shadow:0 0 0 2px #7878781a !important}<\/style><div class=\"stk-column-wrapper stk-block-column__content stk-container stk-b7cad9d-container stk-hover-parent\"><div class=\"stk-block-content stk-inner-blocks stk-b7cad9d-inner-blocks\">\n<div class=\"wp-block-stackable-image stk-block-image stk-block stk-5e6088e\" data-block-id=\"5e6088e\"><style>.stk-5e6088e .stk-img-wrapper{width:460px !important;height:400px !important}<\/style><figure><span class=\"stk-img-wrapper stk-image--shape-stretch\"><img loading=\"lazy\" decoding=\"async\" class=\"stk-img wp-image-668\" src=\"http:\/\/rotermi.com.tr\/wp-content\/uploads\/2024\/09\/krakenimages-Y5bvRlcCx8k-unsplash-scaled.jpg\" width=\"1707\" height=\"2560\" srcset=\"https:\/\/rotermi.com.tr\/wp-content\/uploads\/2024\/09\/krakenimages-Y5bvRlcCx8k-unsplash-scaled.jpg 1707w, https:\/\/rotermi.com.tr\/wp-content\/uploads\/2024\/09\/krakenimages-Y5bvRlcCx8k-unsplash-200x300.jpg 200w, https:\/\/rotermi.com.tr\/wp-content\/uploads\/2024\/09\/krakenimages-Y5bvRlcCx8k-unsplash-683x1024.jpg 683w, https:\/\/rotermi.com.tr\/wp-content\/uploads\/2024\/09\/krakenimages-Y5bvRlcCx8k-unsplash-768x1152.jpg 768w, https:\/\/rotermi.com.tr\/wp-content\/uploads\/2024\/09\/krakenimages-Y5bvRlcCx8k-unsplash-1024x1536.jpg 1024w, https:\/\/rotermi.com.tr\/wp-content\/uploads\/2024\/09\/krakenimages-Y5bvRlcCx8k-unsplash-1365x2048.jpg 1365w\" sizes=\"auto, (max-width: 1707px) 100vw, 1707px\" \/><\/span><\/figure><\/div>\n\n\n\n<div class=\"wp-block-stackable-heading stk-block-heading stk-block-heading--v2 stk-block stk-dbbcdb9\" id=\"vizyonumuz\" data-block-id=\"dbbcdb9\"><style>.stk-dbbcdb9 .stk-block-heading__text{font-weight:400 !important;font-family:\"Lato\",Sans-serif !important}<\/style><h3 class=\"stk-block-heading__text\">Vizyonumuz<\/h3><\/div>\n\n\n\n<div class=\"wp-block-stackable-text stk-block-text stk-block stk-5c16ac8\" data-block-id=\"5c16ac8\"><p class=\"stk-block-text__text\">End\u00fcstriyel yakma sistemlerinde s\u00fcrekli inovasyon ve geli\u015fmi\u015f s\u00fcrd\u00fcr\u00fclebilirlik \u00e7\u00f6z\u00fcmleri ile enerji d\u00f6n\u00fc\u015f\u00fcm\u00fcnde \u00f6nc\u00fc olmak.<\/p><\/div>\n<\/div><\/div><\/div>\n\n\n\n<div class=\"wp-block-stackable-column stk-block-column stk-column stk-block stk-9a149dc\" data-v=\"4\" data-block-id=\"9a149dc\"><style>.stk-9a149dc-container{box-shadow:0 0 0 2px #7878781a !important}<\/style><div class=\"stk-column-wrapper stk-block-column__content stk-container stk-9a149dc-container stk-hover-parent\"><div class=\"stk-block-content stk-inner-blocks stk-9a149dc-inner-blocks\">\n<div class=\"wp-block-stackable-image stk-block-image stk-block stk-8c8f2da\" data-block-id=\"8c8f2da\"><style>.stk-8c8f2da .stk-img-wrapper{width:460px !important;height:400px !important}<\/style><figure><span class=\"stk-img-wrapper stk-image--shape-stretch\"><img loading=\"lazy\" decoding=\"async\" class=\"stk-img wp-image-665\" src=\"http:\/\/rotermi.com.tr\/wp-content\/uploads\/2024\/09\/3d-rendering-arrow-hitting-target-scaled.jpg\" width=\"1780\" height=\"2560\" srcset=\"https:\/\/rotermi.com.tr\/wp-content\/uploads\/2024\/09\/3d-rendering-arrow-hitting-target-scaled.jpg 1780w, https:\/\/rotermi.com.tr\/wp-content\/uploads\/2024\/09\/3d-rendering-arrow-hitting-target-209x300.jpg 209w, https:\/\/rotermi.com.tr\/wp-content\/uploads\/2024\/09\/3d-rendering-arrow-hitting-target-712x1024.jpg 712w, https:\/\/rotermi.com.tr\/wp-content\/uploads\/2024\/09\/3d-rendering-arrow-hitting-target-768x1105.jpg 768w, https:\/\/rotermi.com.tr\/wp-content\/uploads\/2024\/09\/3d-rendering-arrow-hitting-target-1068x1536.jpg 1068w, https:\/\/rotermi.com.tr\/wp-content\/uploads\/2024\/09\/3d-rendering-arrow-hitting-target-1424x2048.jpg 1424w\" sizes=\"auto, (max-width: 1780px) 100vw, 1780px\" \/><\/span><\/figure><\/div>\n\n\n\n<div class=\"wp-block-stackable-heading stk-block-heading stk-block-heading--v2 stk-block stk-c2e2f7e\" id=\"misyonumuz\" data-block-id=\"c2e2f7e\"><style>.stk-c2e2f7e .stk-block-heading__text{font-weight:400 !important;font-family:\"Lato\",Sans-serif !important}<\/style><h3 class=\"stk-block-heading__text\">Misyonumuz<\/h3><\/div>\n\n\n\n<div class=\"wp-block-stackable-text stk-block-text stk-block stk-ce7a393\" data-block-id=\"ce7a393\"><p class=\"stk-block-text__text\">M\u00fc\u015fteri memnuniyetini en \u00fcst d\u00fczeyde tutarak,kaliteli ve g\u00fcvenilir end\u00fcstriyel yakma sistemleri sunmak ve kapsaml\u0131 destek ile m\u00fc\u015fteri ihtiya\u00e7lar\u0131na h\u0131zl\u0131 \u00e7\u00f6z\u00fcmler \u00fcretmek.<\/p><\/div>\n<\/div><\/div><\/div>\n<\/div><\/div>\n","protected":false},"excerpt":{"rendered":"<p>Biz Kimiz? 15 y\u0131ll\u0131k tecr\u00fcbemiz ile kurmu\u015f oldu\u011fumuz Rotermi Enerji m\u00fchendislik, proje, \u00fcr\u00fcn sat\u0131\u015f\u0131, taahh\u00fct ve uygulama hizmetleri vermektedir.Bilgi birikimi ve deneyimli kadrosu ile end\u00fcstriyel alanda da m\u00fc\u015fterilerinin \u00e7\u00f6z\u00fcm orta\u011f\u0131&hellip;<\/p>\n","protected":false},"author":1,"featured_media":0,"parent":0,"menu_order":0,"comment_status":"closed","ping_status":"closed","template":"page-templates\/pagebuilder.php","meta":{"footnotes":""},"class_list":["post-190","page","type-page","status-publish","hentry"],"aioseo_notices":[],"_links":{"self":[{"href":"https:\/\/rotermi.com.tr\/tr_tr\/wp-json\/wp\/v2\/pages\/190","targetHints":{"allow":["GET"]}}],"collection":[{"href":"https:\/\/rotermi.com.tr\/tr_tr\/wp-json\/wp\/v2\/pages"}],"about":[{"href":"https:\/\/rotermi.com.tr\/tr_tr\/wp-json\/wp\/v2\/types\/page"}],"author":[{"embeddable":true,"href":"https:\/\/rotermi.com.tr\/tr_tr\/wp-json\/wp\/v2\/users\/1"}],"replies":[{"embeddable":true,"href":"https:\/\/rotermi.com.tr\/tr_tr\/wp-json\/wp\/v2\/comments?post=190"}],"version-history":[{"count":38,"href":"https:\/\/rotermi.com.tr\/tr_tr\/wp-json\/wp\/v2\/pages\/190\/revisions"}],"predecessor-version":[{"id":670,"href":"https:\/\/rotermi.com.tr\/tr_tr\/wp-json\/wp\/v2\/pages\/190\/revisions\/670"}],"wp:attachment":[{"href":"https:\/\/rotermi.com.tr\/tr_tr\/wp-json\/wp\/v2\/media?parent=190"}],"curies":[{"name":"wp","href":"https:\/\/api.w.org\/{rel}","templated":true}]}}